{"id":2010,"date":"2026-02-21T18:39:58","date_gmt":"2026-02-21T17:39:58","guid":{"rendered":"https:\/\/preprodhoteldiana.atelier-cp.fr\/the-hotel\/"},"modified":"2026-02-24T20:40:06","modified_gmt":"2026-02-24T19:40:06","slug":"the-hotel","status":"publish","type":"page","link":"https:\/\/hotel-diana.fr\/en\/the-hotel\/","title":{"rendered":"The Hotel"},"content":{"rendered":"\t\t<div data-elementor-type=\"wp-page\" data-elementor-id=\"2010\" class=\"elementor elementor-2010 elementor-1047\" data-elementor-post-type=\"page\">\n\t\t\t\t<div class=\"elementor-element elementor-element-069c148 e-flex e-con-boxed elementor-invisible e-con e-parent\" data-id=\"069c148\" data-element_type=\"container\" data-e-type=\"container\" data-settings=\"{&quot;background_background&quot;:&quot;classic&quot;,&quot;animation&quot;:&quot;fadeIn&quot;}\">\n\t\t\t\t\t<div class=\"e-con-inner\">\n\t\t\t\t<div class=\"elementor-element elementor-element-b6b84a5 elementor-absolute elementor-widget-mobile__width-inherit elementor-invisible elementor-widget elementor-widget-heading\" data-id=\"b6b84a5\" data-element_type=\"widget\" data-e-type=\"widget\" data-settings=\"{&quot;_position&quot;:&quot;absolute&quot;,&quot;_animation&quot;:&quot;fadeIn&quot;}\" data-widget_type=\"heading.default\">\n\t\t\t\t\t<h1 class=\"elementor-heading-title elementor-size-default\">H\u00f4tel Diana: <br>your chic &amp; cosy stopover in Vence<\/h1>\t\t\t\t<\/div>\n\t\t\t\t\t<\/div>\n\t\t\t\t<\/div>\n\t\t<div class=\"elementor-element elementor-element-9c3566d e-flex e-con-boxed elementor-invisible e-con e-parent\" data-id=\"9c3566d\" data-element_type=\"container\" data-e-type=\"container\" data-settings=\"{&quot;background_background&quot;:&quot;classic&quot;,&quot;animation&quot;:&quot;fadeIn&quot;}\">\n\t\t\t\t\t<div class=\"e-con-inner\">\n\t\t\t\t<div class=\"elementor-element elementor-element-8cd906b elementor-widget__width-inherit elementor-widget elementor-widget-heading\" data-id=\"8cd906b\" data-element_type=\"widget\" data-e-type=\"widget\" data-widget_type=\"heading.default\">\n\t\t\t\t\t<h2 class=\"elementor-heading-title elementor-size-default\">The Riviera lifestyle, in all simplicity.\n<\/h2>\t\t\t\t<\/div>\n\t\t\t\t<div class=\"elementor-element elementor-element-1a3dd55 elementor-widget__width-initial elementor-widget elementor-widget-text-editor\" data-id=\"1a3dd55\" data-element_type=\"widget\" data-e-type=\"widget\" data-widget_type=\"text-editor.default\">\n\t\t\t\t\t\t\t\t\t<p><span style=\"font-weight: 400;\">Nestled at the gateway to the historic centre of the City of Arts, H\u00f4tel Diana is reinventing independent hospitality. Here, relaxed elegance meets the energy of the French Riviera. Since 1980, our establishment has evolved to become an essential address for travellers seeking style and serenity.  <\/span><\/p><p><span style=\"font-weight: 400;\">More than a hotel, the Diana is a true hub for switching off. A place with refined design and a vibrant atmosphere, created for those who want to experience Vence from the inside. <\/span><\/p>\t\t\t\t\t\t\t\t<\/div>\n\t\t\t\t\t<\/div>\n\t\t\t\t<\/div>\n\t\t<div class=\"elementor-element elementor-element-25cfe3b blocks e-flex e-con-boxed e-con e-parent\" data-id=\"25cfe3b\" data-element_type=\"container\" data-e-type=\"container\">\n\t\t\t\t\t<div class=\"e-con-inner\">\n\t\t<div class=\"elementor-element elementor-element-3565760 e-con-full e-flex elementor-invisible e-con e-child\" data-id=\"3565760\" data-element_type=\"container\" data-e-type=\"container\" data-settings=\"{&quot;animation&quot;:&quot;fadeInLeft&quot;}\">\n\t\t\t\t<div class=\"elementor-element elementor-element-431fa0d elementor-widget__width-inherit elementor-widget elementor-widget-heading\" data-id=\"431fa0d\" data-element_type=\"widget\" data-e-type=\"widget\" data-widget_type=\"heading.default\">\n\t\t\t\t\t<h2 class=\"elementor-heading-title elementor-size-default\">A calm haven at the heart of the action<\/h2>\t\t\t\t<\/div>\n\t\t\t\t<div class=\"elementor-element elementor-element-5826903 elementor-widget__width-inherit elementor-widget elementor-widget-text-editor\" data-id=\"5826903\" data-element_type=\"widget\" data-e-type=\"widget\" data-widget_type=\"text-editor.default\">\n\t\t\t\t\t\t\t\t\t<p><span style=\"font-weight: 400;\">Just a 3-minute walk from medieval lanes and art galleries, our hotel offers a striking contrast: the city\u2019s buzz at your doorstep, and the absolute calm of a private oasis inside.<\/span><\/p><p><span style=\"font-weight: 400;\">Whether it is a morning coffee in our tree-filled garden, a reading session on our terrace, or a timeless moment in the jacuzzi on our panoramic rooftop, every space has been designed for your well-being.<\/span><\/p>\t\t\t\t\t\t\t\t<\/div>\n\t\t\t\t<\/div>\n\t\t\t\t<div class=\"elementor-element elementor-element-9801548 elementor-invisible elementor-widget elementor-widget-image\" data-id=\"9801548\" data-element_type=\"widget\" data-e-type=\"widget\" data-settings=\"{&quot;_animation&quot;:&quot;fadeInRight&quot;}\" data-widget_type=\"image.default\">\n\t\t\t\t\t\t\t\t\t\t\t\t\t\t\t<img fetchpriority=\"high\" decoding=\"async\" width=\"800\" height=\"534\" src=\"https:\/\/hotel-diana.fr\/wp-content\/uploads\/2026\/02\/DSC08646-1024x683.jpg\" class=\"attachment-large size-large wp-image-2011\" alt=\"\" srcset=\"https:\/\/hotel-diana.fr\/wp-content\/uploads\/2026\/02\/DSC08646-1024x683.jpg 1024w, https:\/\/hotel-diana.fr\/wp-content\/uploads\/2026\/02\/DSC08646-300x200.jpg 300w, https:\/\/hotel-diana.fr\/wp-content\/uploads\/2026\/02\/DSC08646-768x512.jpg 768w, https:\/\/hotel-diana.fr\/wp-content\/uploads\/2026\/02\/DSC08646-1536x1024.jpg 1536w, https:\/\/hotel-diana.fr\/wp-content\/uploads\/2026\/02\/DSC08646-2048x1366.jpg 2048w\" sizes=\"(max-width: 800px) 100vw, 800px\" \/>\t\t\t\t\t\t\t\t\t\t\t\t\t\t\t<\/div>\n\t\t\t\t\t<\/div>\n\t\t\t\t<\/div>\n\t\t<div class=\"elementor-element elementor-element-a3c556a blocks e-flex e-con-boxed e-con e-parent\" data-id=\"a3c556a\" data-element_type=\"container\" data-e-type=\"container\" data-settings=\"{&quot;background_background&quot;:&quot;classic&quot;}\">\n\t\t\t\t\t<div class=\"e-con-inner\">\n\t\t<div class=\"elementor-element elementor-element-a05c77a e-con-full e-flex elementor-invisible e-con e-child\" data-id=\"a05c77a\" data-element_type=\"container\" data-e-type=\"container\" data-settings=\"{&quot;animation&quot;:&quot;fadeInLeft&quot;}\">\n\t\t\t\t<div class=\"elementor-element elementor-element-67c770a elementor-widget__width-inherit elementor-widget elementor-widget-image\" data-id=\"67c770a\" data-element_type=\"widget\" data-e-type=\"widget\" data-widget_type=\"image.default\">\n\t\t\t\t\t\t\t\t\t\t\t\t\t\t\t<img decoding=\"async\" width=\"2048\" height=\"1330\" src=\"https:\/\/hotel-diana.fr\/wp-content\/uploads\/2026\/02\/DSC09179-HDR-2048x1330.jpg\" class=\"attachment-2048x2048 size-2048x2048 wp-image-1907\" alt=\"\" srcset=\"https:\/\/hotel-diana.fr\/wp-content\/uploads\/2026\/02\/DSC09179-HDR-2048x1330.jpg 2048w, https:\/\/hotel-diana.fr\/wp-content\/uploads\/2026\/02\/DSC09179-HDR-300x195.jpg 300w, https:\/\/hotel-diana.fr\/wp-content\/uploads\/2026\/02\/DSC09179-HDR-1024x665.jpg 1024w, https:\/\/hotel-diana.fr\/wp-content\/uploads\/2026\/02\/DSC09179-HDR-768x499.jpg 768w, https:\/\/hotel-diana.fr\/wp-content\/uploads\/2026\/02\/DSC09179-HDR-1536x997.jpg 1536w\" sizes=\"(max-width: 2048px) 100vw, 2048px\" \/>\t\t\t\t\t\t\t\t\t\t\t\t\t\t\t<\/div>\n\t\t\t\t<\/div>\n\t\t<div class=\"elementor-element elementor-element-b53edfe e-con-full e-flex elementor-invisible e-con e-child\" data-id=\"b53edfe\" data-element_type=\"container\" data-e-type=\"container\" data-settings=\"{&quot;background_background&quot;:&quot;classic&quot;,&quot;position&quot;:&quot;absolute&quot;,&quot;animation&quot;:&quot;fadeInRight&quot;}\">\n\t\t\t\t<div class=\"elementor-element elementor-element-f8c4fe0 elementor-widget__width-inherit elementor-widget elementor-widget-heading\" data-id=\"f8c4fe0\" data-element_type=\"widget\" data-e-type=\"widget\" data-widget_type=\"heading.default\">\n\t\t\t\t\t<h2 class=\"elementor-heading-title elementor-size-default\">An \"inside\" &amp; personalised experience<\/h2>\t\t\t\t<\/div>\n\t\t\t\t<div class=\"elementor-element elementor-element-cac04ad elementor-widget__width-initial elementor-widget elementor-widget-text-editor\" data-id=\"cac04ad\" data-element_type=\"widget\" data-e-type=\"widget\" data-widget_type=\"text-editor.default\">\n\t\t\t\t\t\t\t\t\t<p><span style=\"font-weight: 400;\">At H\u00f4tel Diana, we believe a successful stay is built on genuine attention and local expertise. Our team, your partner in discovery, becomes your true City Guide. <\/span><\/p><p><span style=\"font-weight: 400;\">Need the best table in town, a secret route through the hinterland, or to hire a bike to explore the corniche? We arrange your wishes seamlessly and open the doors to the best dining addresses in Vence, just a few steps away.  <\/span><\/p>\t\t\t\t\t\t\t\t<\/div>\n\t\t\t\t<\/div>\n\t\t\t\t\t<\/div>\n\t\t\t\t<\/div>\n\t\t<div class=\"elementor-element elementor-element-18a4a2d blocks e-flex e-con-boxed e-con e-parent\" data-id=\"18a4a2d\" data-element_type=\"container\" data-e-type=\"container\">\n\t\t\t\t\t<div class=\"e-con-inner\">\n\t\t<div class=\"elementor-element elementor-element-21eeff9 e-con-full e-flex elementor-invisible e-con e-child\" data-id=\"21eeff9\" data-element_type=\"container\" data-e-type=\"container\" data-settings=\"{&quot;animation&quot;:&quot;fadeInLeft&quot;}\">\n\t\t\t\t<div class=\"elementor-element elementor-element-5496c8f elementor-widget__width-inherit elementor-widget elementor-widget-heading\" data-id=\"5496c8f\" data-element_type=\"widget\" data-e-type=\"widget\" data-widget_type=\"heading.default\">\n\t\t\t\t\t<h2 class=\"elementor-heading-title elementor-size-default\">The essentials for your stay\n<\/h2>\t\t\t\t<\/div>\n\t\t\t\t<div class=\"elementor-element elementor-element-6465a66 elementor-widget__width-initial elementor-widget elementor-widget-text-editor\" data-id=\"6465a66\" data-element_type=\"widget\" data-e-type=\"widget\" data-widget_type=\"text-editor.default\">\n\t\t\t\t\t\t\t\t\t<ul><li style=\"font-weight: 400;\" aria-level=\"1\"><b>Riviera Wake-Up<\/b><span style=\"font-weight: 400;\">: a fresh, vitamin-packed buffet served every morning overlooking the garden.<\/span><\/li><li style=\"font-weight: 400;\" aria-level=\"1\"><b>Rooftop &amp; solarium<\/b><span style=\"font-weight: 400;\">: rise above it all and enjoy the mountain views from our jacuzzi.<\/span><\/li><li style=\"font-weight: 400;\" aria-level=\"1\"><b>Mobility &amp; security<\/b><span style=\"font-weight: 400;\">: a private, secure car park so you can explore the region with peace of mind.<\/span><\/li><li style=\"font-weight: 400;\" aria-level=\"1\"><b>Total connectivity<\/b>: free high-speed fibre, from your room all the way to the garden.<\/li><\/ul>\t\t\t\t\t\t\t\t<\/div>\n\t\t\t\t<\/div>\n\t\t\t\t<div class=\"elementor-element elementor-element-83b5c7a elementor-invisible elementor-widget elementor-widget-image\" data-id=\"83b5c7a\" data-element_type=\"widget\" data-e-type=\"widget\" data-settings=\"{&quot;_animation&quot;:&quot;fadeInRight&quot;}\" data-widget_type=\"image.default\">\n\t\t\t\t\t\t\t\t\t\t\t\t\t\t\t<img decoding=\"async\" width=\"800\" height=\"534\" src=\"https:\/\/hotel-diana.fr\/wp-content\/uploads\/2026\/02\/DSC08555-1024x683.jpg\" class=\"attachment-large size-large wp-image-1908\" alt=\"\" srcset=\"https:\/\/hotel-diana.fr\/wp-content\/uploads\/2026\/02\/DSC08555-1024x683.jpg 1024w, https:\/\/hotel-diana.fr\/wp-content\/uploads\/2026\/02\/DSC08555-300x200.jpg 300w, https:\/\/hotel-diana.fr\/wp-content\/uploads\/2026\/02\/DSC08555-768x512.jpg 768w, https:\/\/hotel-diana.fr\/wp-content\/uploads\/2026\/02\/DSC08555-1536x1024.jpg 1536w, https:\/\/hotel-diana.fr\/wp-content\/uploads\/2026\/02\/DSC08555-2048x1366.jpg 2048w\" sizes=\"(max-width: 800px) 100vw, 800px\" \/>\t\t\t\t\t\t\t\t\t\t\t\t\t\t\t<\/div>\n\t\t\t\t\t<\/div>\n\t\t\t\t<\/div>\n\t\t<div class=\"elementor-element elementor-element-eb4a42d blocks e-flex e-con-boxed e-con e-parent\" data-id=\"eb4a42d\" data-element_type=\"container\" data-e-type=\"container\" data-settings=\"{&quot;background_background&quot;:&quot;classic&quot;}\">\n\t\t\t\t\t<div class=\"e-con-inner\">\n\t\t<div class=\"elementor-element elementor-element-5e4d94c e-con-full e-flex elementor-invisible e-con e-child\" data-id=\"5e4d94c\" data-element_type=\"container\" data-e-type=\"container\" data-settings=\"{&quot;animation&quot;:&quot;fadeInLeft&quot;}\">\n\t\t\t\t<div class=\"elementor-element elementor-element-2985718 elementor-widget__width-inherit elementor-widget elementor-widget-image\" data-id=\"2985718\" data-element_type=\"widget\" data-e-type=\"widget\" data-widget_type=\"image.default\">\n\t\t\t\t\t\t\t\t\t\t\t\t\t\t\t<img loading=\"lazy\" decoding=\"async\" width=\"2048\" height=\"1401\" src=\"https:\/\/hotel-diana.fr\/wp-content\/uploads\/2026\/02\/DSC08852-2-2048x1401.jpg\" class=\"attachment-2048x2048 size-2048x2048 wp-image-2012\" alt=\"\" srcset=\"https:\/\/hotel-diana.fr\/wp-content\/uploads\/2026\/02\/DSC08852-2-2048x1401.jpg 2048w, https:\/\/hotel-diana.fr\/wp-content\/uploads\/2026\/02\/DSC08852-2-300x205.jpg 300w, https:\/\/hotel-diana.fr\/wp-content\/uploads\/2026\/02\/DSC08852-2-1024x701.jpg 1024w, https:\/\/hotel-diana.fr\/wp-content\/uploads\/2026\/02\/DSC08852-2-768x525.jpg 768w, https:\/\/hotel-diana.fr\/wp-content\/uploads\/2026\/02\/DSC08852-2-1536x1051.jpg 1536w\" sizes=\"(max-width: 2048px) 100vw, 2048px\" \/>\t\t\t\t\t\t\t\t\t\t\t\t\t\t\t<\/div>\n\t\t\t\t<\/div>\n\t\t<div class=\"elementor-element elementor-element-3c481a6 e-con-full e-flex elementor-invisible e-con e-child\" data-id=\"3c481a6\" data-element_type=\"container\" data-e-type=\"container\" data-settings=\"{&quot;background_background&quot;:&quot;classic&quot;,&quot;position&quot;:&quot;absolute&quot;,&quot;animation&quot;:&quot;fadeInRight&quot;}\">\n\t\t\t\t<div class=\"elementor-element elementor-element-17e801f elementor-widget__width-inherit elementor-widget elementor-widget-heading\" data-id=\"17e801f\" data-element_type=\"widget\" data-e-type=\"widget\" data-widget_type=\"heading.default\">\n\t\t\t\t\t<h2 class=\"elementor-heading-title elementor-size-default\">Vence, your new playground<\/h2>\t\t\t\t<\/div>\n\t\t\t\t<div class=\"elementor-element elementor-element-c4359bd elementor-widget__width-initial elementor-widget elementor-widget-text-editor\" data-id=\"c4359bd\" data-element_type=\"widget\" data-e-type=\"widget\" data-widget_type=\"text-editor.default\">\n\t\t\t\t\t\t\t\t\t<p><span style=\"font-weight: 400;\">Ideally located between sea and mountains, H\u00f4tel Diana is the perfect starting point for exploring the entire French Riviera:<\/span><\/p><ul><li style=\"font-weight: 400;\" aria-level=\"1\"><span style=\"font-weight: 400;\">Vence Historic Centre: 5 min walk<\/span><\/li><li style=\"font-weight: 400;\" aria-level=\"1\"><span style=\"font-weight: 400;\">Fondation Maeght: 10 min<\/span><\/li><li style=\"font-weight: 400;\" aria-level=\"1\"><span style=\"font-weight: 400;\">Riviera beaches: 20 min<\/span><\/li><li style=\"font-weight: 400;\" aria-level=\"1\"><span style=\"font-weight: 400;\">Nice Airport: 25 min<\/span><\/li><\/ul><p><span style=\"font-weight: 400;\">Ready to feel the rhythm of the azure?<\/span><\/p>\t\t\t\t\t\t\t\t<\/div>\n\t\t\t\t<div class=\"elementor-element elementor-element-ffa4e81 elementor-widget elementor-widget-html\" data-id=\"ffa4e81\" data-element_type=\"widget\" data-e-type=\"widget\" data-widget_type=\"html.default\">\n\t\t\t\t\t<a href=\"https:\/\/hotel-diana.fr\/reserver\/\" class=\"ReservitBookingButton header green\">\n  Book my stay\n<\/a>\n\n<style>\n.ReservitBookingButton {\n  display: inline-block;\n  background-color: #FFF;\n  text-decoration: none;\n  font-size: 16px;\n  font-weight: 600;\n  border-radius: 25px;\n  transition: all 0.3s ease;\n  padding: 22px 28px;\nborder-radius: 35px !important;\nbackground-color: #FFF;\n    color: #313131;\n    border-style: solid;\n    border-width: 2px 2px 2px 2px;\n    border-color: #FFF;\n}\n\n.green {\n    background-color: #5C7A5C !important;\n    color: #FFF !important;\n}\n\n.green:hover {\n  background-color: transparent !important;\n  border-style: solid;\n    border-width: 2px 2px 2px 2px;\n    border-color: #5C7A5C !important;\n    color: #5C7A5C !important;\n}\n<\/style>\t\t\t\t<\/div>\n\t\t\t\t<\/div>\n\t\t\t\t\t<\/div>\n\t\t\t\t<\/div>\n\t\t\t\t<\/div>\n\t\t","protected":false},"excerpt":{"rendered":"<p>H\u00f4tel Diana: your chic &amp; cosy stopover in Vence The Riviera lifestyle, in all simplicity. Nestled at the gateway to the historic centre of the City of Arts, H\u00f4tel Diana is reinventing independent hospitality. Here, relaxed elegance meets the energy of the French Riviera. Since 1980, our establishment has evolved to become an essential address [&hellip;]<\/p>\n","protected":false},"author":1,"featured_media":0,"parent":0,"menu_order":0,"comment_status":"closed","ping_status":"closed","template":"","meta":{"_acf_changed":false,"footnotes":""},"class_list":["post-2010","page","type-page","status-publish","hentry"],"acf":[],"yoast_head":"<!-- This site is optimized with the Yoast SEO plugin v27.0 - https:\/\/yoast.com\/product\/yoast-seo-wordpress\/ -->\n<title>The Hotel Diana in Vence \u2013 History &amp; Atmosphere | 3\u2605 Hotel<\/title>\n<meta name=\"description\" content=\"Discover H\u00f4tel Diana in Vence, a 3-star hotel in the heart of the French Riviera. History, a warm atmosphere, room comfort, and services designed for an unforgettable stay.\" \/>\n<meta name=\"robots\" content=\"index, follow, max-snippet:-1, max-image-preview:large, max-video-preview:-1\" \/>\n<link rel=\"canonical\" href=\"https:\/\/hotel-diana.fr\/en\/the-hotel\/\" \/>\n<meta property=\"og:locale\" content=\"en_US\" \/>\n<meta property=\"og:type\" content=\"article\" \/>\n<meta property=\"og:title\" content=\"The Hotel Diana in Vence \u2013 History &amp; Atmosphere | 3\u2605 Hotel\" \/>\n<meta property=\"og:description\" content=\"Discover H\u00f4tel Diana in Vence, a 3-star hotel in the heart of the French Riviera. History, a warm atmosphere, room comfort, and services designed for an unforgettable stay.\" \/>\n<meta property=\"og:url\" content=\"https:\/\/hotel-diana.fr\/en\/the-hotel\/\" \/>\n<meta property=\"og:site_name\" content=\"Hotel Diana Vence; h\u00f4tel Vence C\u00f4te d&#039;Azur\" \/>\n<meta property=\"article:modified_time\" content=\"2026-02-24T19:40:06+00:00\" \/>\n<meta property=\"og:image\" content=\"https:\/\/preprodhoteldiana.atelier-cp.fr\/wp-content\/uploads\/2026\/02\/DSC08646-1024x683.jpg\" \/>\n<meta name=\"twitter:card\" content=\"summary_large_image\" \/>\n<meta name=\"twitter:label1\" content=\"Est. reading time\" \/>\n\t<meta name=\"twitter:data1\" content=\"2 minutes\" \/>\n<script type=\"application\/ld+json\" class=\"yoast-schema-graph\">{\"@context\":\"https:\/\/schema.org\",\"@graph\":[{\"@type\":\"WebPage\",\"@id\":\"https:\/\/hotel-diana.fr\/en\/the-hotel\/\",\"url\":\"https:\/\/hotel-diana.fr\/en\/the-hotel\/\",\"name\":\"The Hotel Diana in Vence \u2013 History & Atmosphere | 3\u2605 Hotel\",\"isPartOf\":{\"@id\":\"https:\/\/hotel-diana.fr\/en\/#website\"},\"primaryImageOfPage\":{\"@id\":\"https:\/\/hotel-diana.fr\/en\/the-hotel\/#primaryimage\"},\"image\":{\"@id\":\"https:\/\/hotel-diana.fr\/en\/the-hotel\/#primaryimage\"},\"thumbnailUrl\":\"https:\/\/preprodhoteldiana.atelier-cp.fr\/wp-content\/uploads\/2026\/02\/DSC08646-1024x683.jpg\",\"datePublished\":\"2026-02-21T17:39:58+00:00\",\"dateModified\":\"2026-02-24T19:40:06+00:00\",\"description\":\"Discover H\u00f4tel Diana in Vence, a 3-star hotel in the heart of the French Riviera. History, a warm atmosphere, room comfort, and services designed for an unforgettable stay.\",\"breadcrumb\":{\"@id\":\"https:\/\/hotel-diana.fr\/en\/the-hotel\/#breadcrumb\"},\"inLanguage\":\"en-US\",\"potentialAction\":[{\"@type\":\"ReadAction\",\"target\":[\"https:\/\/hotel-diana.fr\/en\/the-hotel\/\"]}]},{\"@type\":\"ImageObject\",\"inLanguage\":\"en-US\",\"@id\":\"https:\/\/hotel-diana.fr\/en\/the-hotel\/#primaryimage\",\"url\":\"https:\/\/preprodhoteldiana.atelier-cp.fr\/wp-content\/uploads\/2026\/02\/DSC08646-1024x683.jpg\",\"contentUrl\":\"https:\/\/preprodhoteldiana.atelier-cp.fr\/wp-content\/uploads\/2026\/02\/DSC08646-1024x683.jpg\"},{\"@type\":\"BreadcrumbList\",\"@id\":\"https:\/\/hotel-diana.fr\/en\/the-hotel\/#breadcrumb\",\"itemListElement\":[{\"@type\":\"ListItem\",\"position\":1,\"name\":\"Accueil\",\"item\":\"https:\/\/hotel-diana.fr\/en\/\"},{\"@type\":\"ListItem\",\"position\":2,\"name\":\"The Hotel\"}]},{\"@type\":\"WebSite\",\"@id\":\"https:\/\/hotel-diana.fr\/en\/#website\",\"url\":\"https:\/\/hotel-diana.fr\/en\/\",\"name\":\"Hotel Diana Vence; h\u00f4tel Vence C\u00f4te d'Azur\",\"description\":\"h\u00f4tel Vence C\u00f4te d&#039;Azur\",\"publisher\":{\"@id\":\"https:\/\/hotel-diana.fr\/en\/#organization\"},\"potentialAction\":[{\"@type\":\"SearchAction\",\"target\":{\"@type\":\"EntryPoint\",\"urlTemplate\":\"https:\/\/hotel-diana.fr\/en\/?s={search_term_string}\"},\"query-input\":{\"@type\":\"PropertyValueSpecification\",\"valueRequired\":true,\"valueName\":\"search_term_string\"}}],\"inLanguage\":\"en-US\"},{\"@type\":\"Organization\",\"@id\":\"https:\/\/hotel-diana.fr\/en\/#organization\",\"name\":\"Hotel Diana Vence; h\u00f4tel Vence C\u00f4te d'Azur\",\"url\":\"https:\/\/hotel-diana.fr\/en\/\",\"logo\":{\"@type\":\"ImageObject\",\"inLanguage\":\"en-US\",\"@id\":\"https:\/\/hotel-diana.fr\/en\/#\/schema\/logo\/image\/\",\"url\":\"https:\/\/preprodhoteldiana.atelier-cp.fr\/wp-content\/uploads\/2026\/01\/Hotel-diana.png\",\"contentUrl\":\"https:\/\/preprodhoteldiana.atelier-cp.fr\/wp-content\/uploads\/2026\/01\/Hotel-diana.png\",\"width\":500,\"height\":500,\"caption\":\"Hotel Diana Vence; h\u00f4tel Vence C\u00f4te d'Azur\"},\"image\":{\"@id\":\"https:\/\/hotel-diana.fr\/en\/#\/schema\/logo\/image\/\"}}]}<\/script>\n<!-- \/ Yoast SEO plugin. -->","yoast_head_json":{"title":"The Hotel Diana in Vence \u2013 History & Atmosphere | 3\u2605 Hotel","description":"Discover H\u00f4tel Diana in Vence, a 3-star hotel in the heart of the French Riviera. History, a warm atmosphere, room comfort, and services designed for an unforgettable stay.","robots":{"index":"index","follow":"follow","max-snippet":"max-snippet:-1","max-image-preview":"max-image-preview:large","max-video-preview":"max-video-preview:-1"},"canonical":"https:\/\/hotel-diana.fr\/en\/the-hotel\/","og_locale":"en_US","og_type":"article","og_title":"The Hotel Diana in Vence \u2013 History & Atmosphere | 3\u2605 Hotel","og_description":"Discover H\u00f4tel Diana in Vence, a 3-star hotel in the heart of the French Riviera. History, a warm atmosphere, room comfort, and services designed for an unforgettable stay.","og_url":"https:\/\/hotel-diana.fr\/en\/the-hotel\/","og_site_name":"Hotel Diana Vence; h\u00f4tel Vence C\u00f4te d&#039;Azur","article_modified_time":"2026-02-24T19:40:06+00:00","og_image":[{"url":"https:\/\/preprodhoteldiana.atelier-cp.fr\/wp-content\/uploads\/2026\/02\/DSC08646-1024x683.jpg","type":"","width":"","height":""}],"twitter_card":"summary_large_image","twitter_misc":{"Est. reading time":"2 minutes"},"schema":{"@context":"https:\/\/schema.org","@graph":[{"@type":"WebPage","@id":"https:\/\/hotel-diana.fr\/en\/the-hotel\/","url":"https:\/\/hotel-diana.fr\/en\/the-hotel\/","name":"The Hotel Diana in Vence \u2013 History & Atmosphere | 3\u2605 Hotel","isPartOf":{"@id":"https:\/\/hotel-diana.fr\/en\/#website"},"primaryImageOfPage":{"@id":"https:\/\/hotel-diana.fr\/en\/the-hotel\/#primaryimage"},"image":{"@id":"https:\/\/hotel-diana.fr\/en\/the-hotel\/#primaryimage"},"thumbnailUrl":"https:\/\/preprodhoteldiana.atelier-cp.fr\/wp-content\/uploads\/2026\/02\/DSC08646-1024x683.jpg","datePublished":"2026-02-21T17:39:58+00:00","dateModified":"2026-02-24T19:40:06+00:00","description":"Discover H\u00f4tel Diana in Vence, a 3-star hotel in the heart of the French Riviera. History, a warm atmosphere, room comfort, and services designed for an unforgettable stay.","breadcrumb":{"@id":"https:\/\/hotel-diana.fr\/en\/the-hotel\/#breadcrumb"},"inLanguage":"en-US","potentialAction":[{"@type":"ReadAction","target":["https:\/\/hotel-diana.fr\/en\/the-hotel\/"]}]},{"@type":"ImageObject","inLanguage":"en-US","@id":"https:\/\/hotel-diana.fr\/en\/the-hotel\/#primaryimage","url":"https:\/\/preprodhoteldiana.atelier-cp.fr\/wp-content\/uploads\/2026\/02\/DSC08646-1024x683.jpg","contentUrl":"https:\/\/preprodhoteldiana.atelier-cp.fr\/wp-content\/uploads\/2026\/02\/DSC08646-1024x683.jpg"},{"@type":"BreadcrumbList","@id":"https:\/\/hotel-diana.fr\/en\/the-hotel\/#breadcrumb","itemListElement":[{"@type":"ListItem","position":1,"name":"Accueil","item":"https:\/\/hotel-diana.fr\/en\/"},{"@type":"ListItem","position":2,"name":"The Hotel"}]},{"@type":"WebSite","@id":"https:\/\/hotel-diana.fr\/en\/#website","url":"https:\/\/hotel-diana.fr\/en\/","name":"Hotel Diana Vence; h\u00f4tel Vence C\u00f4te d'Azur","description":"h\u00f4tel Vence C\u00f4te d&#039;Azur","publisher":{"@id":"https:\/\/hotel-diana.fr\/en\/#organization"},"potentialAction":[{"@type":"SearchAction","target":{"@type":"EntryPoint","urlTemplate":"https:\/\/hotel-diana.fr\/en\/?s={search_term_string}"},"query-input":{"@type":"PropertyValueSpecification","valueRequired":true,"valueName":"search_term_string"}}],"inLanguage":"en-US"},{"@type":"Organization","@id":"https:\/\/hotel-diana.fr\/en\/#organization","name":"Hotel Diana Vence; h\u00f4tel Vence C\u00f4te d'Azur","url":"https:\/\/hotel-diana.fr\/en\/","logo":{"@type":"ImageObject","inLanguage":"en-US","@id":"https:\/\/hotel-diana.fr\/en\/#\/schema\/logo\/image\/","url":"https:\/\/preprodhoteldiana.atelier-cp.fr\/wp-content\/uploads\/2026\/01\/Hotel-diana.png","contentUrl":"https:\/\/preprodhoteldiana.atelier-cp.fr\/wp-content\/uploads\/2026\/01\/Hotel-diana.png","width":500,"height":500,"caption":"Hotel Diana Vence; h\u00f4tel Vence C\u00f4te d'Azur"},"image":{"@id":"https:\/\/hotel-diana.fr\/en\/#\/schema\/logo\/image\/"}}]}},"_links":{"self":[{"href":"https:\/\/hotel-diana.fr\/en\/wp-json\/wp\/v2\/pages\/2010","targetHints":{"allow":["GET"]}}],"collection":[{"href":"https:\/\/hotel-diana.fr\/en\/wp-json\/wp\/v2\/pages"}],"about":[{"href":"https:\/\/hotel-diana.fr\/en\/wp-json\/wp\/v2\/types\/page"}],"author":[{"embeddable":true,"href":"https:\/\/hotel-diana.fr\/en\/wp-json\/wp\/v2\/users\/1"}],"replies":[{"embeddable":true,"href":"https:\/\/hotel-diana.fr\/en\/wp-json\/wp\/v2\/comments?post=2010"}],"version-history":[{"count":4,"href":"https:\/\/hotel-diana.fr\/en\/wp-json\/wp\/v2\/pages\/2010\/revisions"}],"predecessor-version":[{"id":2261,"href":"https:\/\/hotel-diana.fr\/en\/wp-json\/wp\/v2\/pages\/2010\/revisions\/2261"}],"wp:attachment":[{"href":"https:\/\/hotel-diana.fr\/en\/wp-json\/wp\/v2\/media?parent=2010"}],"curies":[{"name":"wp","href":"https:\/\/api.w.org\/{rel}","templated":true}]}}